{"id":126,"date":"2025-03-25T17:23:05","date_gmt":"2025-03-25T17:23:05","guid":{"rendered":"https:\/\/www.acafar.com\/?post_type=product&#038;p=126"},"modified":"2025-03-25T19:01:24","modified_gmt":"2025-03-25T19:01:24","slug":"monocomando-pico-alto-gp-25","status":"publish","type":"product","link":"https:\/\/www.acafar.com\/index.php\/producto\/monocomando-pico-alto-gp-25\/","title":{"rendered":"Monocomando pico alto GP-25"},"content":{"rendered":"<p>Aplicaci\u00f3n: Mesa<\/p>\n<p class=\"\" data-start=\"48\" data-end=\"96\">Presi\u00f3n m\u00ednima de entrada de agua (mca): 2 MCA<\/p>\n<p class=\"\" data-start=\"98\" data-end=\"147\">Presi\u00f3n m\u00e1xima de entrada de agua (mca): 40 MCA<\/p>\n<p class=\"\" data-start=\"149\" data-end=\"209\">Presi\u00f3n m\u00ednima para calentamiento acumulativo (mca): 2 MCA<\/p>\n<p class=\"\" data-start=\"211\" data-end=\"269\">Presi\u00f3n m\u00ednima para calentamiento por paso (mca): 10 MCA<\/p>\n<p class=\"\" data-start=\"271\" data-end=\"296\">Caudal m\u00e1ximo: 12 l\/min<\/p>\n<p class=\"\" data-start=\"298\" data-end=\"322\">Caudal m\u00ednimo: 5 l\/min<\/p>\n<p class=\"\" data-start=\"324\" data-end=\"358\">Indicaciones de uso: Residencial<\/p>\n<p class=\"\" data-start=\"324\" data-end=\"358\">Composici\u00f3n b\u00e1sica:<br data-start=\"448\" data-end=\"451\" \/>Aleaci\u00f3n de cobre (bronce y lat\u00f3n)<br data-start=\"485\" data-end=\"488\" \/>Pl\u00e1sticos de ingenier\u00eda<br data-start=\"511\" data-end=\"514\" \/>Elast\u00f3meros<\/p>\n","protected":false},"excerpt":{"rendered":"<p>Nuestras grifer\u00edas son reconocidas por su dise\u00f1o \u00fanico, compuesto por formas planas y por la funcionalidad inherente a las l\u00edneas de monocomandos Acafar.<\/p>\n","protected":false},"featured_media":180,"comment_status":"open","ping_status":"closed","template":"","meta":{"_kad_post_transparent":"default","_kad_post_title":"","_kad_post_layout":"default","_kad_post_sidebar_id":"","_kad_post_content_style":"default","_kad_post_vertical_padding":"default","_kad_post_feature":"","_kad_post_feature_position":"","_kad_post_header":false,"_kad_post_footer":false},"product_brand":[],"product_cat":[22],"product_tag":[],"class_list":{"0":"post-126","1":"product","2":"type-product","3":"status-publish","4":"has-post-thumbnail","6":"product_cat-bano","8":"first","9":"instock","10":"shipping-taxable","11":"product-type-simple","12":"entry","13":"content-bg","14":"loop-entry"},"jetpack_sharing_enabled":true,"_links":{"self":[{"href":"https:\/\/www.acafar.com\/index.php\/wp-json\/wp\/v2\/product\/126","targetHints":{"allow":["GET"]}}],"collection":[{"href":"https:\/\/www.acafar.com\/index.php\/wp-json\/wp\/v2\/product"}],"about":[{"href":"https:\/\/www.acafar.com\/index.php\/wp-json\/wp\/v2\/types\/product"}],"replies":[{"embeddable":true,"href":"https:\/\/www.acafar.com\/index.php\/wp-json\/wp\/v2\/comments?post=126"}],"wp:featuredmedia":[{"embeddable":true,"href":"https:\/\/www.acafar.com\/index.php\/wp-json\/wp\/v2\/media\/180"}],"wp:attachment":[{"href":"https:\/\/www.acafar.com\/index.php\/wp-json\/wp\/v2\/media?parent=126"}],"wp:term":[{"taxonomy":"product_brand","embeddable":true,"href":"https:\/\/www.acafar.com\/index.php\/wp-json\/wp\/v2\/product_brand?post=126"},{"taxonomy":"product_cat","embeddable":true,"href":"https:\/\/www.acafar.com\/index.php\/wp-json\/wp\/v2\/product_cat?post=126"},{"taxonomy":"product_tag","embeddable":true,"href":"https:\/\/www.acafar.com\/index.php\/wp-json\/wp\/v2\/product_tag?post=126"}],"curies":[{"name":"wp","href":"https:\/\/api.w.org\/{rel}","templated":true}]}}